{"id":3472,"date":"2024-10-02T20:52:12","date_gmt":"2024-10-02T19:52:12","guid":{"rendered":"https:\/\/saloninternacional.com\/?post_type=product&#038;p=3472"},"modified":"2024-10-02T20:52:12","modified_gmt":"2024-10-02T19:52:12","slug":"basi-2","status":"publish","type":"product","link":"https:\/\/saloninternacional.com\/index.php\/producto\/basi-2\/","title":{"rendered":"BASI"},"content":{"rendered":"<div class=\"elementor-element elementor-element-ce8ca6a elementor-widget elementor-widget-heading\" data-id=\"ce8ca6a\" data-element_type=\"widget\" data-widget_type=\"heading.default\">\n<div class=\"elementor-widget-container\">\n<div class=\"elementor-element elementor-element-ce8ca6a elementor-widget elementor-widget-heading\" data-id=\"ce8ca6a\" data-element_type=\"widget\" data-widget_type=\"heading.default\">\n<h3 class=\"elementor-widget-container\">Sof\u00e1 Chaiselong con Asientos Relax El\u00e9ctricos<\/h3>\n<\/div>\n<div class=\"elementor-element elementor-element-0b5e513 elementor-widget elementor-widget-accordion\" data-id=\"0b5e513\" data-element_type=\"widget\" data-widget_type=\"accordion.default\">\n<div class=\"elementor-widget-container\">\n<div class=\"elementor-accordion\">\n<div class=\"elementor-accordion-item\">\n<div id=\"elementor-tab-content-1191\" class=\"elementor-tab-content elementor-clearfix elementor-active\" role=\"region\" data-tab=\"1\" aria-labelledby=\"elementor-tab-title-1191\">\n<p>Armaz\u00f3n: Madera de pino y tablero de part\u00edculas, recubiertas de espuma de poliuretano.<\/p>\n<p>Suspensi\u00f3n: Cinchas el\u00e1sticas.<\/p>\n<p>Rellenos de asientos: Espuma de poliuretano de densidad 34Kg HR, recubierta de fibra siliconada.<\/p>\n<p>Relleno de respaldos:\u00a0Espuma de poliuretano de alta densidad, recubierta de fibra siliconada.<\/p>\n<p>Mecanismos: Asientos relax el\u00e9ctricos (opcional). Respaldos multiposici\u00f3n con mecanismo regulable.<\/p>\n<p>Patas: Altura 12,5cm color Niquel oscuro de serie. Opcional met\u00e1lica color cromo.<\/p>\n<p>Tapizado: Telas y colores a elegir en <a href=\"https:\/\/saloninternacional.com\/index.php\/tiendas\/\">nuestros establecimientos<\/a>.<\/p>\n<\/div>\n<\/div>\n<\/div>\n<\/div>\n<\/div>\n<\/div>\n<\/div>\n","protected":false},"excerpt":{"rendered":"<div class=\"elementor-element elementor-element-ce8ca6a elementor-widget elementor-widget-heading\" data-id=\"ce8ca6a\" data-element_type=\"widget\" data-widget_type=\"heading.default\"><\/div>\n<div class=\"elementor-element elementor-element-76e48a4 elementor-icon-list--layout-traditional elementor-list-item-link-full_width elementor-widget elementor-widget-icon-list\" data-id=\"76e48a4\" data-element_type=\"widget\" data-widget_type=\"icon-list.default\">\n<div class=\"elementor-widget-container\">\n<ul>\n<li><span class=\"elementor-icon-list-text\">Alto: 85cm \/ 105cm<\/span><\/li>\n<li><span class=\"elementor-icon-list-text\">Fondo: 110cm \/ Chais 175cm<\/span><\/li>\n<\/ul>\n<\/div>\n<\/div>\n<div class=\"elementor-element elementor-element-f3a1e08 elementor-widget elementor-widget-accordion\" data-id=\"f3a1e08\" data-element_type=\"widget\" data-widget_type=\"accordion.default\">\n<div class=\"elementor-widget-container\">\n<div class=\"elementor-accordion\">\n<div class=\"elementor-accordion-item\">\n<h3 id=\"elementor-tab-title-2551\" class=\"elementor-tab-title elementor-active\" tabindex=\"0\" role=\"button\" data-tab=\"1\" aria-controls=\"elementor-tab-content-2551\" aria-expanded=\"true\" aria-selected=\"true\"><a class=\"elementor-accordion-title\" tabindex=\"0\">MEDIDAS DISPONIBLES<\/a><\/h3>\n<div id=\"elementor-tab-content-2551\" class=\"elementor-tab-content elementor-clearfix elementor-active\" role=\"region\" data-tab=\"1\" aria-labelledby=\"elementor-tab-title-2551\">\n<p>Chaisleong + 2 asientos relax 238cm<\/p>\n<p>Chaisleong + 2 asientos\u00a0relax\u00a0268cm<\/p>\n<p>Chaiselong + 2 asientos\u00a0relax 298cm<\/p>\n<p>Chaisleong + 2 asientos\u00a0relax\u00a0328cm<\/p>\n<p>Opcional asientos fijos.<\/p>\n<\/div>\n<\/div>\n<\/div>\n<\/div>\n<\/div>\n","protected":false},"featured_media":3246,"template":"","meta":{"_acf_changed":false,"_eb_attr":"","om_disable_all_campaigns":false,"_monsterinsights_skip_tracking":false,"_monsterinsights_sitenote_active":false,"_monsterinsights_sitenote_note":"","_monsterinsights_sitenote_category":0,"site-sidebar-layout":"default","site-content-layout":"","ast-site-content-layout":"default","site-content-style":"default","site-sidebar-style":"default","ast-global-header-display":"","ast-banner-title-visibility":"","ast-main-header-display":"","ast-hfb-above-header-display":"","ast-hfb-below-header-display":"","ast-hfb-mobile-header-display":"","site-post-title":"","ast-breadcrumbs-content":"","ast-featured-img":"","footer-sml-layout":"","ast-disable-related-posts":"","theme-transparent-header-meta":"default","adv-header-id-meta":"","stick-header-meta":"","header-above-stick-meta":"","header-main-stick-meta":"","header-below-stick-meta":"","astra-migrate-meta-layouts":"set","ast-page-background-enabled":"default","ast-page-background-meta":{"desktop":{"background-color":"","background-image":"","background-repeat":"repeat","background-position":"center center","background-size":"auto","background-attachment":"scroll","background-type":"","background-media":"","overlay-type":"","overlay-color":"","overlay-opacity":"","overlay-gradient":""},"tablet":{"background-color":"","background-image":"","background-repeat":"repeat","background-position":"center center","background-size":"auto","background-attachment":"scroll","background-type":"","background-media":"","overlay-type":"","overlay-color":"","overlay-opacity":"","overlay-gradient":""},"mobile":{"background-color":"","background-image":"","background-repeat":"repeat","background-position":"center center","background-size":"auto","background-attachment":"scroll","background-type":"","background-media":"","overlay-type":"","overlay-color":"","overlay-opacity":"","overlay-gradient":""}},"ast-content-background-meta":{"desktop":{"background-color":"var(--ast-global-color-5)","background-image":"","background-repeat":"repeat","background-position":"center center","background-size":"auto","background-attachment":"scroll","background-type":"","background-media":"","overlay-type":"","overlay-color":"","overlay-opacity":"","overlay-gradient":""},"tablet":{"background-color":"var(--ast-global-color-5)","background-image":"","background-repeat":"repeat","background-position":"center center","background-size":"auto","background-attachment":"scroll","background-type":"","background-media":"","overlay-type":"","overlay-color":"","overlay-opacity":"","overlay-gradient":""},"mobile":{"background-color":"var(--ast-global-color-5)","background-image":"","background-repeat":"repeat","background-position":"center center","background-size":"auto","background-attachment":"scroll","background-type":"","background-media":"","overlay-type":"","overlay-color":"","overlay-opacity":"","overlay-gradient":""}}},"product_brand":[],"product_cat":[25],"product_tag":[23,20,24,63],"class_list":{"0":"post-3472","1":"product","2":"type-product","3":"status-publish","4":"has-post-thumbnail","6":"product_cat-chaiselong","7":"product_tag-relax","8":"product_tag-chaiselong","9":"product_tag-electrico","10":"product_tag-pata-alta","11":"desktop-align-left","12":"tablet-align-left","13":"mobile-align-left","15":"first","16":"instock","17":"shipping-taxable","18":"product-type-simple"},"acf":[],"yoast_head":"<!-- This site is optimized with the Yoast SEO plugin v27.4 - https:\/\/yoast.com\/product\/yoast-seo-wordpress\/ -->\n<title>Chaiselong Relax El\u00e9crico BASI - Sal\u00f3n Internacional, n\u00ba1 en sof\u00e1s<\/title>\n<meta name=\"description\" content=\"Sof\u00e1 Chaiselong Relax Asem Zaragoza - Medidas, telas y colores a elegir en nuestros establecimientos. Sal\u00f3n Internacional, n\u00ba1 en Sof\u00e1s.\" \/>\n<meta name=\"robots\" content=\"index, follow, max-snippet:-1, max-image-preview:large, max-video-preview:-1\" \/>\n<link rel=\"canonical\" href=\"https:\/\/saloninternacional.com\/index.php\/producto\/basi-2\/\" \/>\n<meta property=\"og:locale\" content=\"es_ES\" \/>\n<meta property=\"og:type\" content=\"article\" \/>\n<meta property=\"og:title\" content=\"Chaiselong Relax El\u00e9crico BASI - Sal\u00f3n Internacional, n\u00ba1 en sof\u00e1s\" \/>\n<meta property=\"og:description\" content=\"Sof\u00e1 Chaiselong Relax Asem Zaragoza - Medidas, telas y colores a elegir en nuestros establecimientos. Sal\u00f3n Internacional, n\u00ba1 en Sof\u00e1s.\" \/>\n<meta property=\"og:url\" content=\"https:\/\/saloninternacional.com\/index.php\/producto\/basi-2\/\" \/>\n<meta property=\"og:site_name\" content=\"Sal\u00f3n Internacional, n\u00ba1 en sof\u00e1s\" \/>\n<meta property=\"article:publisher\" content=\"https:\/\/www.facebook.com\/saloninternacional\" \/>\n<meta property=\"og:image\" content=\"https:\/\/saloninternacional.com\/wp-content\/uploads\/2024\/08\/Basi_Chaiselong_Relax.jpg\" \/>\n\t<meta property=\"og:image:width\" content=\"1620\" \/>\n\t<meta property=\"og:image:height\" content=\"1080\" \/>\n\t<meta property=\"og:image:type\" content=\"image\/jpeg\" \/>\n<meta name=\"twitter:card\" content=\"summary_large_image\" \/>\n<meta name=\"twitter:label1\" content=\"Tiempo de lectura\" \/>\n\t<meta name=\"twitter:data1\" content=\"1 minuto\" \/>\n<script type=\"application\/ld+json\" class=\"yoast-schema-graph\">{\"@context\":\"https:\\\/\\\/schema.org\",\"@graph\":[{\"@type\":\"WebPage\",\"@id\":\"https:\\\/\\\/saloninternacional.com\\\/index.php\\\/producto\\\/basi-2\\\/\",\"url\":\"https:\\\/\\\/saloninternacional.com\\\/index.php\\\/producto\\\/basi-2\\\/\",\"name\":\"Chaiselong Relax El\u00e9crico BASI - Sal\u00f3n Internacional, n\u00ba1 en sof\u00e1s\",\"isPartOf\":{\"@id\":\"https:\\\/\\\/saloninternacional.com\\\/#website\"},\"primaryImageOfPage\":{\"@id\":\"https:\\\/\\\/saloninternacional.com\\\/index.php\\\/producto\\\/basi-2\\\/#primaryimage\"},\"image\":{\"@id\":\"https:\\\/\\\/saloninternacional.com\\\/index.php\\\/producto\\\/basi-2\\\/#primaryimage\"},\"thumbnailUrl\":\"https:\\\/\\\/saloninternacional.com\\\/wp-content\\\/uploads\\\/2024\\\/08\\\/Basi_Chaiselong_Relax.jpg\",\"datePublished\":\"2024-10-02T19:52:12+00:00\",\"description\":\"Sof\u00e1 Chaiselong Relax Asem Zaragoza - Medidas, telas y colores a elegir en nuestros establecimientos. Sal\u00f3n Internacional, n\u00ba1 en Sof\u00e1s.\",\"breadcrumb\":{\"@id\":\"https:\\\/\\\/saloninternacional.com\\\/index.php\\\/producto\\\/basi-2\\\/#breadcrumb\"},\"inLanguage\":\"es\",\"potentialAction\":[{\"@type\":\"ReadAction\",\"target\":[\"https:\\\/\\\/saloninternacional.com\\\/index.php\\\/producto\\\/basi-2\\\/\"]}]},{\"@type\":\"ImageObject\",\"inLanguage\":\"es\",\"@id\":\"https:\\\/\\\/saloninternacional.com\\\/index.php\\\/producto\\\/basi-2\\\/#primaryimage\",\"url\":\"https:\\\/\\\/saloninternacional.com\\\/wp-content\\\/uploads\\\/2024\\\/08\\\/Basi_Chaiselong_Relax.jpg\",\"contentUrl\":\"https:\\\/\\\/saloninternacional.com\\\/wp-content\\\/uploads\\\/2024\\\/08\\\/Basi_Chaiselong_Relax.jpg\",\"width\":1620,\"height\":1080,\"caption\":\"Basi Chaiselong asientos Relax El\u00e9ctricos\"},{\"@type\":\"BreadcrumbList\",\"@id\":\"https:\\\/\\\/saloninternacional.com\\\/index.php\\\/producto\\\/basi-2\\\/#breadcrumb\",\"itemListElement\":[{\"@type\":\"ListItem\",\"position\":1,\"name\":\"Portada\",\"item\":\"https:\\\/\\\/saloninternacional.com\\\/\"},{\"@type\":\"ListItem\",\"position\":2,\"name\":\"Inicio\",\"item\":\"https:\\\/\\\/saloninternacional.com\\\/index.php\\\/inicio\\\/\"},{\"@type\":\"ListItem\",\"position\":3,\"name\":\"BASI\"}]},{\"@type\":\"WebSite\",\"@id\":\"https:\\\/\\\/saloninternacional.com\\\/#website\",\"url\":\"https:\\\/\\\/saloninternacional.com\\\/\",\"name\":\"Sal\u00f3n Internacional, n\u00ba1 en sof\u00e1s\",\"description\":\"Sof\u00e1s, sillones, Chaiselong, Relax, Sof\u00e1 Cama, Tresillo, Zaragoza\",\"publisher\":{\"@id\":\"https:\\\/\\\/saloninternacional.com\\\/#organization\"},\"alternateName\":\"Sal\u00f3n Internacional del sof\u00e1 Zaragoza\",\"potentialAction\":[{\"@type\":\"SearchAction\",\"target\":{\"@type\":\"EntryPoint\",\"urlTemplate\":\"https:\\\/\\\/saloninternacional.com\\\/?s={search_term_string}\"},\"query-input\":{\"@type\":\"PropertyValueSpecification\",\"valueRequired\":true,\"valueName\":\"search_term_string\"}}],\"inLanguage\":\"es\"},{\"@type\":\"Organization\",\"@id\":\"https:\\\/\\\/saloninternacional.com\\\/#organization\",\"name\":\"Sal\u00f3n Internacional, n\u00ba1 en sof\u00e1s\",\"url\":\"https:\\\/\\\/saloninternacional.com\\\/\",\"logo\":{\"@type\":\"ImageObject\",\"inLanguage\":\"es\",\"@id\":\"https:\\\/\\\/saloninternacional.com\\\/#\\\/schema\\\/logo\\\/image\\\/\",\"url\":\"https:\\\/\\\/saloninternacional.com\\\/wp-content\\\/uploads\\\/2025\\\/10\\\/Logo-200.png\",\"contentUrl\":\"https:\\\/\\\/saloninternacional.com\\\/wp-content\\\/uploads\\\/2025\\\/10\\\/Logo-200.png\",\"width\":201,\"height\":47,\"caption\":\"Sal\u00f3n Internacional, n\u00ba1 en sof\u00e1s\"},\"image\":{\"@id\":\"https:\\\/\\\/saloninternacional.com\\\/#\\\/schema\\\/logo\\\/image\\\/\"},\"sameAs\":[\"https:\\\/\\\/www.facebook.com\\\/saloninternacional\"]}]}<\/script>\n<!-- \/ Yoast SEO plugin. -->","yoast_head_json":{"title":"Chaiselong Relax El\u00e9crico BASI - Sal\u00f3n Internacional, n\u00ba1 en sof\u00e1s","description":"Sof\u00e1 Chaiselong Relax Asem Zaragoza - Medidas, telas y colores a elegir en nuestros establecimientos. Sal\u00f3n Internacional, n\u00ba1 en Sof\u00e1s.","robots":{"index":"index","follow":"follow","max-snippet":"max-snippet:-1","max-image-preview":"max-image-preview:large","max-video-preview":"max-video-preview:-1"},"canonical":"https:\/\/saloninternacional.com\/index.php\/producto\/basi-2\/","og_locale":"es_ES","og_type":"article","og_title":"Chaiselong Relax El\u00e9crico BASI - Sal\u00f3n Internacional, n\u00ba1 en sof\u00e1s","og_description":"Sof\u00e1 Chaiselong Relax Asem Zaragoza - Medidas, telas y colores a elegir en nuestros establecimientos. Sal\u00f3n Internacional, n\u00ba1 en Sof\u00e1s.","og_url":"https:\/\/saloninternacional.com\/index.php\/producto\/basi-2\/","og_site_name":"Sal\u00f3n Internacional, n\u00ba1 en sof\u00e1s","article_publisher":"https:\/\/www.facebook.com\/saloninternacional","og_image":[{"width":1620,"height":1080,"url":"https:\/\/saloninternacional.com\/wp-content\/uploads\/2024\/08\/Basi_Chaiselong_Relax.jpg","type":"image\/jpeg"}],"twitter_card":"summary_large_image","twitter_misc":{"Tiempo de lectura":"1 minuto"},"schema":{"@context":"https:\/\/schema.org","@graph":[{"@type":"WebPage","@id":"https:\/\/saloninternacional.com\/index.php\/producto\/basi-2\/","url":"https:\/\/saloninternacional.com\/index.php\/producto\/basi-2\/","name":"Chaiselong Relax El\u00e9crico BASI - Sal\u00f3n Internacional, n\u00ba1 en sof\u00e1s","isPartOf":{"@id":"https:\/\/saloninternacional.com\/#website"},"primaryImageOfPage":{"@id":"https:\/\/saloninternacional.com\/index.php\/producto\/basi-2\/#primaryimage"},"image":{"@id":"https:\/\/saloninternacional.com\/index.php\/producto\/basi-2\/#primaryimage"},"thumbnailUrl":"https:\/\/saloninternacional.com\/wp-content\/uploads\/2024\/08\/Basi_Chaiselong_Relax.jpg","datePublished":"2024-10-02T19:52:12+00:00","description":"Sof\u00e1 Chaiselong Relax Asem Zaragoza - Medidas, telas y colores a elegir en nuestros establecimientos. Sal\u00f3n Internacional, n\u00ba1 en Sof\u00e1s.","breadcrumb":{"@id":"https:\/\/saloninternacional.com\/index.php\/producto\/basi-2\/#breadcrumb"},"inLanguage":"es","potentialAction":[{"@type":"ReadAction","target":["https:\/\/saloninternacional.com\/index.php\/producto\/basi-2\/"]}]},{"@type":"ImageObject","inLanguage":"es","@id":"https:\/\/saloninternacional.com\/index.php\/producto\/basi-2\/#primaryimage","url":"https:\/\/saloninternacional.com\/wp-content\/uploads\/2024\/08\/Basi_Chaiselong_Relax.jpg","contentUrl":"https:\/\/saloninternacional.com\/wp-content\/uploads\/2024\/08\/Basi_Chaiselong_Relax.jpg","width":1620,"height":1080,"caption":"Basi Chaiselong asientos Relax El\u00e9ctricos"},{"@type":"BreadcrumbList","@id":"https:\/\/saloninternacional.com\/index.php\/producto\/basi-2\/#breadcrumb","itemListElement":[{"@type":"ListItem","position":1,"name":"Portada","item":"https:\/\/saloninternacional.com\/"},{"@type":"ListItem","position":2,"name":"Inicio","item":"https:\/\/saloninternacional.com\/index.php\/inicio\/"},{"@type":"ListItem","position":3,"name":"BASI"}]},{"@type":"WebSite","@id":"https:\/\/saloninternacional.com\/#website","url":"https:\/\/saloninternacional.com\/","name":"Sal\u00f3n Internacional, n\u00ba1 en sof\u00e1s","description":"Sof\u00e1s, sillones, Chaiselong, Relax, Sof\u00e1 Cama, Tresillo, Zaragoza","publisher":{"@id":"https:\/\/saloninternacional.com\/#organization"},"alternateName":"Sal\u00f3n Internacional del sof\u00e1 Zaragoza","potentialAction":[{"@type":"SearchAction","target":{"@type":"EntryPoint","urlTemplate":"https:\/\/saloninternacional.com\/?s={search_term_string}"},"query-input":{"@type":"PropertyValueSpecification","valueRequired":true,"valueName":"search_term_string"}}],"inLanguage":"es"},{"@type":"Organization","@id":"https:\/\/saloninternacional.com\/#organization","name":"Sal\u00f3n Internacional, n\u00ba1 en sof\u00e1s","url":"https:\/\/saloninternacional.com\/","logo":{"@type":"ImageObject","inLanguage":"es","@id":"https:\/\/saloninternacional.com\/#\/schema\/logo\/image\/","url":"https:\/\/saloninternacional.com\/wp-content\/uploads\/2025\/10\/Logo-200.png","contentUrl":"https:\/\/saloninternacional.com\/wp-content\/uploads\/2025\/10\/Logo-200.png","width":201,"height":47,"caption":"Sal\u00f3n Internacional, n\u00ba1 en sof\u00e1s"},"image":{"@id":"https:\/\/saloninternacional.com\/#\/schema\/logo\/image\/"},"sameAs":["https:\/\/www.facebook.com\/saloninternacional"]}]}},"jetpack_sharing_enabled":true,"_links":{"self":[{"href":"https:\/\/saloninternacional.com\/index.php\/wp-json\/wp\/v2\/product\/3472","targetHints":{"allow":["GET"]}}],"collection":[{"href":"https:\/\/saloninternacional.com\/index.php\/wp-json\/wp\/v2\/product"}],"about":[{"href":"https:\/\/saloninternacional.com\/index.php\/wp-json\/wp\/v2\/types\/product"}],"version-history":[{"count":0,"href":"https:\/\/saloninternacional.com\/index.php\/wp-json\/wp\/v2\/product\/3472\/revisions"}],"wp:featuredmedia":[{"embeddable":true,"href":"https:\/\/saloninternacional.com\/index.php\/wp-json\/wp\/v2\/media\/3246"}],"wp:attachment":[{"href":"https:\/\/saloninternacional.com\/index.php\/wp-json\/wp\/v2\/media?parent=3472"}],"wp:term":[{"taxonomy":"product_brand","embeddable":true,"href":"https:\/\/saloninternacional.com\/index.php\/wp-json\/wp\/v2\/product_brand?post=3472"},{"taxonomy":"product_cat","embeddable":true,"href":"https:\/\/saloninternacional.com\/index.php\/wp-json\/wp\/v2\/product_cat?post=3472"},{"taxonomy":"product_tag","embeddable":true,"href":"https:\/\/saloninternacional.com\/index.php\/wp-json\/wp\/v2\/product_tag?post=3472"}],"curies":[{"name":"wp","href":"https:\/\/api.w.org\/{rel}","templated":true}]}}