{"id":3397,"date":"2024-09-24T19:40:27","date_gmt":"2024-09-24T18:40:27","guid":{"rendered":"https:\/\/saloninternacional.com\/?page_id=3397"},"modified":"2026-03-09T21:35:51","modified_gmt":"2026-03-09T20:35:51","slug":"home","status":"publish","type":"page","link":"https:\/\/saloninternacional.com\/","title":{"rendered":"Home"},"content":{"rendered":"\t\t<div data-elementor-type=\"wp-page\" data-elementor-id=\"3397\" class=\"elementor elementor-3397\">\n\t\t\t\t\t\t<section class=\"elementor-section elementor-top-section elementor-element elementor-element-30bf16c6 elementor-section-boxed elementor-section-height-default elementor-section-height-default\" data-id=\"30bf16c6\" data-element_type=\"section\" data-e-type=\"section\">\n\t\t\t\t\t\t<div class=\"elementor-container elementor-column-gap-no\">\n\t\t\t\t\t<div class=\"elementor-column elementor-col-100 elementor-top-column elementor-element elementor-element-3dc97d4\" data-id=\"3dc97d4\" data-element_type=\"column\" data-e-type=\"column\">\n\t\t\t<div class=\"elementor-widget-wrap elementor-element-populated\">\n\t\t\t\t\t\t\t<\/div>\n\t\t<\/div>\n\t\t\t\t\t<\/div>\n\t\t<\/section>\n\t\t\t\t<section class=\"elementor-section elementor-top-section elementor-element elementor-element-347ad77 elementor-section-boxed elementor-section-height-default elementor-section-height-default\" data-id=\"347ad77\" data-element_type=\"section\" data-e-type=\"section\" data-settings=\"{&quot;background_background&quot;:&quot;classic&quot;}\">\n\t\t\t\t\t\t\t<div class=\"elementor-background-overlay\"><\/div>\n\t\t\t\t\t\t\t<div class=\"elementor-container elementor-column-gap-no\">\n\t\t\t\t\t<div class=\"elementor-column elementor-col-100 elementor-top-column elementor-element elementor-element-cf0cab6\" data-id=\"cf0cab6\" data-element_type=\"column\" data-e-type=\"column\" data-settings=\"{&quot;background_background&quot;:&quot;classic&quot;}\">\n\t\t\t<div class=\"elementor-widget-wrap elementor-element-populated\">\n\t\t\t\t\t<div class=\"elementor-background-overlay\"><\/div>\n\t\t\t\t\t\t<div class=\"elementor-element elementor-element-2e52071 elementor-widget elementor-widget-image\" data-id=\"2e52071\" data-element_type=\"widget\" data-e-type=\"widget\" data-widget_type=\"image.default\">\n\t\t\t\t<div class=\"elementor-widget-container\">\n\t\t\t\t\t\t\t\t\t\t\t\t\t\t\t<img fetchpriority=\"high\" decoding=\"async\" width=\"1000\" height=\"488\" src=\"https:\/\/saloninternacional.com\/wp-content\/uploads\/2026\/03\/Sol-Rinconera-Relax-Electrico-Topo-08.jpg\" class=\"attachment-large size-large wp-image-4980\" alt=\"Sol Rinconera Relax El\u00e9ctrico\" srcset=\"https:\/\/saloninternacional.com\/wp-content\/uploads\/2026\/03\/Sol-Rinconera-Relax-Electrico-Topo-08.jpg 1000w, https:\/\/saloninternacional.com\/wp-content\/uploads\/2026\/03\/Sol-Rinconera-Relax-Electrico-Topo-08-300x146.jpg 300w, https:\/\/saloninternacional.com\/wp-content\/uploads\/2026\/03\/Sol-Rinconera-Relax-Electrico-Topo-08-768x375.jpg 768w, https:\/\/saloninternacional.com\/wp-content\/uploads\/2026\/03\/Sol-Rinconera-Relax-Electrico-Topo-08-500x244.jpg 500w, https:\/\/saloninternacional.com\/wp-content\/uploads\/2026\/03\/Sol-Rinconera-Relax-Electrico-Topo-08-600x293.jpg 600w\" sizes=\"(max-width: 1000px) 100vw, 1000px\" \/>\t\t\t\t\t\t\t\t\t\t\t\t\t\t\t<\/div>\n\t\t\t\t<\/div>\n\t\t\t\t\t<\/div>\n\t\t<\/div>\n\t\t\t\t\t<\/div>\n\t\t<\/section>\n\t\t\t\t<section class=\"elementor-section elementor-top-section elementor-element elementor-element-8ab4d89 elementor-section-boxed elementor-section-height-default elementor-section-height-default\" data-id=\"8ab4d89\" data-element_type=\"section\" data-e-type=\"section\">\n\t\t\t\t\t\t<div class=\"elementor-container elementor-column-gap-default\">\n\t\t\t\t\t<div class=\"elementor-column elementor-col-100 elementor-top-column elementor-element elementor-element-fd2a6b3\" data-id=\"fd2a6b3\" data-element_type=\"column\" data-e-type=\"column\">\n\t\t\t<div class=\"elementor-widget-wrap\">\n\t\t\t\t\t\t\t<\/div>\n\t\t<\/div>\n\t\t\t\t\t<\/div>\n\t\t<\/section>\n\t\t\t\t<\/div>\n\t\t","protected":false},"excerpt":{"rendered":"","protected":false},"author":1,"featured_media":3759,"parent":0,"menu_order":0,"comment_status":"closed","ping_status":"closed","template":"","meta":{"_acf_changed":false,"_eb_attr":"","om_disable_all_campaigns":false,"_monsterinsights_skip_tracking":false,"_monsterinsights_sitenote_active":false,"_monsterinsights_sitenote_note":"","_monsterinsights_sitenote_category":0,"site-sidebar-layout":"no-sidebar","site-content-layout":"page-builder","ast-site-content-layout":"full-width-container","site-content-style":"unboxed","site-sidebar-style":"unboxed","ast-global-header-display":"","ast-banner-title-visibility":"","ast-main-header-display":"","ast-hfb-above-header-display":"","ast-hfb-below-header-display":"","ast-hfb-mobile-header-display":"","site-post-title":"disabled","ast-breadcrumbs-content":"","ast-featured-img":"","footer-sml-layout":"","ast-disable-related-posts":"","theme-transparent-header-meta":"enabled","adv-header-id-meta":"","stick-header-meta":"","header-above-stick-meta":"","header-main-stick-meta":"","header-below-stick-meta":"","astra-migrate-meta-layouts":"set","ast-page-background-enabled":"default","ast-page-background-meta":{"desktop":{"background-color":"","background-image":"","background-repeat":"repeat","background-position":"center center","background-size":"auto","background-attachment":"scroll","background-type":"","background-media":"","overlay-type":"","overlay-color":"","overlay-opacity":"","overlay-gradient":""},"tablet":{"background-color":"","background-image":"","background-repeat":"repeat","background-position":"center center","background-size":"auto","background-attachment":"scroll","background-type":"","background-media":"","overlay-type":"","overlay-color":"","overlay-opacity":"","overlay-gradient":""},"mobile":{"background-color":"","background-image":"","background-repeat":"repeat","background-position":"center center","background-size":"auto","background-attachment":"scroll","background-type":"","background-media":"","overlay-type":"","overlay-color":"","overlay-opacity":"","overlay-gradient":""}},"ast-content-background-meta":{"desktop":{"background-color":"var(--ast-global-color-5)","background-image":"","background-repeat":"repeat","background-position":"center center","background-size":"auto","background-attachment":"scroll","background-type":"","background-media":"","overlay-type":"","overlay-color":"","overlay-opacity":"","overlay-gradient":""},"tablet":{"background-color":"var(--ast-global-color-5)","background-image":"","background-repeat":"repeat","background-position":"center center","background-size":"auto","background-attachment":"scroll","background-type":"","background-media":"","overlay-type":"","overlay-color":"","overlay-opacity":"","overlay-gradient":""},"mobile":{"background-color":"var(--ast-global-color-5)","background-image":"","background-repeat":"repeat","background-position":"center center","background-size":"auto","background-attachment":"scroll","background-type":"","background-media":"","overlay-type":"","overlay-color":"","overlay-opacity":"","overlay-gradient":""}},"footnotes":""},"class_list":["post-3397","page","type-page","status-publish","has-post-thumbnail","hentry"],"acf":[],"yoast_head":"<!-- This site is optimized with the Yoast SEO plugin v27.5 - https:\/\/yoast.com\/product\/yoast-seo-wordpress\/ -->\n<title>Zaragoza - Sal\u00f3n Internacional, n\u00ba1 en sof\u00e1s<\/title>\n<meta name=\"description\" content=\"OFERTA ESPECIAL. Sof\u00e1 Chaiselong con asientos deslizantes de carro 980\u20ac pata baja, 998\u20ac pata alta. Telas, colores y medidas a elegir.\" \/>\n<meta name=\"robots\" content=\"index, follow, max-snippet:-1, max-image-preview:large, max-video-preview:-1\" \/>\n<link rel=\"canonical\" href=\"https:\/\/saloninternacional.com\/\" \/>\n<meta property=\"og:locale\" content=\"es_ES\" \/>\n<meta property=\"og:type\" content=\"article\" \/>\n<meta property=\"og:title\" content=\"Zaragoza - Sal\u00f3n Internacional, n\u00ba1 en sof\u00e1s\" \/>\n<meta property=\"og:description\" content=\"OFERTA ESPECIAL. Sof\u00e1 Chaiselong con asientos deslizantes de carro 980\u20ac pata baja, 998\u20ac pata alta. Telas, colores y medidas a elegir.\" \/>\n<meta property=\"og:url\" content=\"https:\/\/saloninternacional.com\/\" \/>\n<meta property=\"og:site_name\" content=\"Sal\u00f3n Internacional, n\u00ba1 en sof\u00e1s\" \/>\n<meta property=\"article:publisher\" content=\"https:\/\/www.facebook.com\/saloninternacional\" \/>\n<meta property=\"article:modified_time\" content=\"2026-03-09T20:35:51+00:00\" \/>\n<meta property=\"og:image\" content=\"https:\/\/saloninternacional.com\/wp-content\/uploads\/2025\/08\/Tuca_Chaiselong_Carro_980eurosMesa-de-trabajo-2.png\" \/>\n\t<meta property=\"og:image:width\" content=\"609\" \/>\n\t<meta property=\"og:image:height\" content=\"375\" \/>\n\t<meta property=\"og:image:type\" content=\"image\/png\" \/>\n<meta name=\"twitter:card\" content=\"summary_large_image\" \/>\n<meta name=\"twitter:label1\" content=\"Tiempo de lectura\" \/>\n\t<meta name=\"twitter:data1\" content=\"1 minuto\" \/>\n<script type=\"application\/ld+json\" class=\"yoast-schema-graph\">{\"@context\":\"https:\\\/\\\/schema.org\",\"@graph\":[{\"@type\":\"WebPage\",\"@id\":\"https:\\\/\\\/saloninternacional.com\\\/\",\"url\":\"https:\\\/\\\/saloninternacional.com\\\/\",\"name\":\"Zaragoza - Sal\u00f3n Internacional, n\u00ba1 en sof\u00e1s\",\"isPartOf\":{\"@id\":\"https:\\\/\\\/saloninternacional.com\\\/#website\"},\"primaryImageOfPage\":{\"@id\":\"https:\\\/\\\/saloninternacional.com\\\/#primaryimage\"},\"image\":{\"@id\":\"https:\\\/\\\/saloninternacional.com\\\/#primaryimage\"},\"thumbnailUrl\":\"https:\\\/\\\/saloninternacional.com\\\/wp-content\\\/uploads\\\/2025\\\/08\\\/Tuca_Chaiselong_Carro_980eurosMesa-de-trabajo-2.png\",\"datePublished\":\"2024-09-24T18:40:27+00:00\",\"dateModified\":\"2026-03-09T20:35:51+00:00\",\"description\":\"OFERTA ESPECIAL. Sof\u00e1 Chaiselong con asientos deslizantes de carro 980\u20ac pata baja, 998\u20ac pata alta. Telas, colores y medidas a elegir.\",\"breadcrumb\":{\"@id\":\"https:\\\/\\\/saloninternacional.com\\\/#breadcrumb\"},\"inLanguage\":\"es\",\"potentialAction\":[{\"@type\":\"ReadAction\",\"target\":[\"https:\\\/\\\/saloninternacional.com\\\/\"]}]},{\"@type\":\"ImageObject\",\"inLanguage\":\"es\",\"@id\":\"https:\\\/\\\/saloninternacional.com\\\/#primaryimage\",\"url\":\"https:\\\/\\\/saloninternacional.com\\\/wp-content\\\/uploads\\\/2025\\\/08\\\/Tuca_Chaiselong_Carro_980eurosMesa-de-trabajo-2.png\",\"contentUrl\":\"https:\\\/\\\/saloninternacional.com\\\/wp-content\\\/uploads\\\/2025\\\/08\\\/Tuca_Chaiselong_Carro_980eurosMesa-de-trabajo-2.png\",\"width\":609,\"height\":375,\"caption\":\"Tuca Chaiselong deslizante XXL Carro OFERTA 980\u20ac\"},{\"@type\":\"BreadcrumbList\",\"@id\":\"https:\\\/\\\/saloninternacional.com\\\/#breadcrumb\",\"itemListElement\":[{\"@type\":\"ListItem\",\"position\":1,\"name\":\"Portada\",\"item\":\"https:\\\/\\\/saloninternacional.com\\\/\"},{\"@type\":\"ListItem\",\"position\":2,\"name\":\"Home\"}]},{\"@type\":\"WebSite\",\"@id\":\"https:\\\/\\\/saloninternacional.com\\\/#website\",\"url\":\"https:\\\/\\\/saloninternacional.com\\\/\",\"name\":\"Sal\u00f3n Internacional, n\u00ba1 en sof\u00e1s\",\"description\":\"Sof\u00e1s, sillones, Chaiselong, Relax, Sof\u00e1 Cama, Tresillo, Zaragoza\",\"publisher\":{\"@id\":\"https:\\\/\\\/saloninternacional.com\\\/#organization\"},\"alternateName\":\"Sal\u00f3n Internacional del sof\u00e1 Zaragoza\",\"potentialAction\":[{\"@type\":\"SearchAction\",\"target\":{\"@type\":\"EntryPoint\",\"urlTemplate\":\"https:\\\/\\\/saloninternacional.com\\\/?s={search_term_string}\"},\"query-input\":{\"@type\":\"PropertyValueSpecification\",\"valueRequired\":true,\"valueName\":\"search_term_string\"}}],\"inLanguage\":\"es\"},{\"@type\":\"Organization\",\"@id\":\"https:\\\/\\\/saloninternacional.com\\\/#organization\",\"name\":\"Sal\u00f3n Internacional, n\u00ba1 en sof\u00e1s\",\"url\":\"https:\\\/\\\/saloninternacional.com\\\/\",\"logo\":{\"@type\":\"ImageObject\",\"inLanguage\":\"es\",\"@id\":\"https:\\\/\\\/saloninternacional.com\\\/#\\\/schema\\\/logo\\\/image\\\/\",\"url\":\"https:\\\/\\\/saloninternacional.com\\\/wp-content\\\/uploads\\\/2025\\\/10\\\/Logo-200.png\",\"contentUrl\":\"https:\\\/\\\/saloninternacional.com\\\/wp-content\\\/uploads\\\/2025\\\/10\\\/Logo-200.png\",\"width\":201,\"height\":47,\"caption\":\"Sal\u00f3n Internacional, n\u00ba1 en sof\u00e1s\"},\"image\":{\"@id\":\"https:\\\/\\\/saloninternacional.com\\\/#\\\/schema\\\/logo\\\/image\\\/\"},\"sameAs\":[\"https:\\\/\\\/www.facebook.com\\\/saloninternacional\"]}]}<\/script>\n<!-- \/ Yoast SEO plugin. -->","yoast_head_json":{"title":"Zaragoza - Sal\u00f3n Internacional, n\u00ba1 en sof\u00e1s","description":"OFERTA ESPECIAL. Sof\u00e1 Chaiselong con asientos deslizantes de carro 980\u20ac pata baja, 998\u20ac pata alta. Telas, colores y medidas a elegir.","robots":{"index":"index","follow":"follow","max-snippet":"max-snippet:-1","max-image-preview":"max-image-preview:large","max-video-preview":"max-video-preview:-1"},"canonical":"https:\/\/saloninternacional.com\/","og_locale":"es_ES","og_type":"article","og_title":"Zaragoza - Sal\u00f3n Internacional, n\u00ba1 en sof\u00e1s","og_description":"OFERTA ESPECIAL. Sof\u00e1 Chaiselong con asientos deslizantes de carro 980\u20ac pata baja, 998\u20ac pata alta. Telas, colores y medidas a elegir.","og_url":"https:\/\/saloninternacional.com\/","og_site_name":"Sal\u00f3n Internacional, n\u00ba1 en sof\u00e1s","article_publisher":"https:\/\/www.facebook.com\/saloninternacional","article_modified_time":"2026-03-09T20:35:51+00:00","og_image":[{"width":609,"height":375,"url":"https:\/\/saloninternacional.com\/wp-content\/uploads\/2025\/08\/Tuca_Chaiselong_Carro_980eurosMesa-de-trabajo-2.png","type":"image\/png"}],"twitter_card":"summary_large_image","twitter_misc":{"Tiempo de lectura":"1 minuto"},"schema":{"@context":"https:\/\/schema.org","@graph":[{"@type":"WebPage","@id":"https:\/\/saloninternacional.com\/","url":"https:\/\/saloninternacional.com\/","name":"Zaragoza - Sal\u00f3n Internacional, n\u00ba1 en sof\u00e1s","isPartOf":{"@id":"https:\/\/saloninternacional.com\/#website"},"primaryImageOfPage":{"@id":"https:\/\/saloninternacional.com\/#primaryimage"},"image":{"@id":"https:\/\/saloninternacional.com\/#primaryimage"},"thumbnailUrl":"https:\/\/saloninternacional.com\/wp-content\/uploads\/2025\/08\/Tuca_Chaiselong_Carro_980eurosMesa-de-trabajo-2.png","datePublished":"2024-09-24T18:40:27+00:00","dateModified":"2026-03-09T20:35:51+00:00","description":"OFERTA ESPECIAL. Sof\u00e1 Chaiselong con asientos deslizantes de carro 980\u20ac pata baja, 998\u20ac pata alta. Telas, colores y medidas a elegir.","breadcrumb":{"@id":"https:\/\/saloninternacional.com\/#breadcrumb"},"inLanguage":"es","potentialAction":[{"@type":"ReadAction","target":["https:\/\/saloninternacional.com\/"]}]},{"@type":"ImageObject","inLanguage":"es","@id":"https:\/\/saloninternacional.com\/#primaryimage","url":"https:\/\/saloninternacional.com\/wp-content\/uploads\/2025\/08\/Tuca_Chaiselong_Carro_980eurosMesa-de-trabajo-2.png","contentUrl":"https:\/\/saloninternacional.com\/wp-content\/uploads\/2025\/08\/Tuca_Chaiselong_Carro_980eurosMesa-de-trabajo-2.png","width":609,"height":375,"caption":"Tuca Chaiselong deslizante XXL Carro OFERTA 980\u20ac"},{"@type":"BreadcrumbList","@id":"https:\/\/saloninternacional.com\/#breadcrumb","itemListElement":[{"@type":"ListItem","position":1,"name":"Portada","item":"https:\/\/saloninternacional.com\/"},{"@type":"ListItem","position":2,"name":"Home"}]},{"@type":"WebSite","@id":"https:\/\/saloninternacional.com\/#website","url":"https:\/\/saloninternacional.com\/","name":"Sal\u00f3n Internacional, n\u00ba1 en sof\u00e1s","description":"Sof\u00e1s, sillones, Chaiselong, Relax, Sof\u00e1 Cama, Tresillo, Zaragoza","publisher":{"@id":"https:\/\/saloninternacional.com\/#organization"},"alternateName":"Sal\u00f3n Internacional del sof\u00e1 Zaragoza","potentialAction":[{"@type":"SearchAction","target":{"@type":"EntryPoint","urlTemplate":"https:\/\/saloninternacional.com\/?s={search_term_string}"},"query-input":{"@type":"PropertyValueSpecification","valueRequired":true,"valueName":"search_term_string"}}],"inLanguage":"es"},{"@type":"Organization","@id":"https:\/\/saloninternacional.com\/#organization","name":"Sal\u00f3n Internacional, n\u00ba1 en sof\u00e1s","url":"https:\/\/saloninternacional.com\/","logo":{"@type":"ImageObject","inLanguage":"es","@id":"https:\/\/saloninternacional.com\/#\/schema\/logo\/image\/","url":"https:\/\/saloninternacional.com\/wp-content\/uploads\/2025\/10\/Logo-200.png","contentUrl":"https:\/\/saloninternacional.com\/wp-content\/uploads\/2025\/10\/Logo-200.png","width":201,"height":47,"caption":"Sal\u00f3n Internacional, n\u00ba1 en sof\u00e1s"},"image":{"@id":"https:\/\/saloninternacional.com\/#\/schema\/logo\/image\/"},"sameAs":["https:\/\/www.facebook.com\/saloninternacional"]}]}},"jetpack_sharing_enabled":true,"_links":{"self":[{"href":"https:\/\/saloninternacional.com\/index.php\/wp-json\/wp\/v2\/pages\/3397","targetHints":{"allow":["GET"]}}],"collection":[{"href":"https:\/\/saloninternacional.com\/index.php\/wp-json\/wp\/v2\/pages"}],"about":[{"href":"https:\/\/saloninternacional.com\/index.php\/wp-json\/wp\/v2\/types\/page"}],"author":[{"embeddable":true,"href":"https:\/\/saloninternacional.com\/index.php\/wp-json\/wp\/v2\/users\/1"}],"replies":[{"embeddable":true,"href":"https:\/\/saloninternacional.com\/index.php\/wp-json\/wp\/v2\/comments?post=3397"}],"version-history":[{"count":42,"href":"https:\/\/saloninternacional.com\/index.php\/wp-json\/wp\/v2\/pages\/3397\/revisions"}],"predecessor-version":[{"id":4986,"href":"https:\/\/saloninternacional.com\/index.php\/wp-json\/wp\/v2\/pages\/3397\/revisions\/4986"}],"wp:featuredmedia":[{"embeddable":true,"href":"https:\/\/saloninternacional.com\/index.php\/wp-json\/wp\/v2\/media\/3759"}],"wp:attachment":[{"href":"https:\/\/saloninternacional.com\/index.php\/wp-json\/wp\/v2\/media?parent=3397"}],"curies":[{"name":"wp","href":"https:\/\/api.w.org\/{rel}","templated":true}]}}