{"id":2388,"date":"2021-10-09T21:32:29","date_gmt":"2021-10-09T20:32:29","guid":{"rendered":"https:\/\/saloninternacional.com\/?page_id=2388"},"modified":"2021-10-09T21:35:40","modified_gmt":"2021-10-09T20:35:40","slug":"home_pilar","status":"publish","type":"page","link":"https:\/\/saloninternacional.com\/index.php\/home_pilar\/","title":{"rendered":"Home_pilar"},"content":{"rendered":"\t\t<div data-elementor-type=\"wp-page\" data-elementor-id=\"2388\" class=\"elementor elementor-2388\">\n\t\t\t\t\t\t<section class=\"elementor-section elementor-top-section elementor-element elementor-element-30bf16c6 elementor-section-boxed elementor-section-height-default elementor-section-height-default\" data-id=\"30bf16c6\" data-element_type=\"section\" data-e-type=\"section\">\n\t\t\t\t\t\t<div class=\"elementor-container elementor-column-gap-no\">\n\t\t\t\t\t<div class=\"elementor-column elementor-col-100 elementor-top-column elementor-element elementor-element-617af5d\" data-id=\"617af5d\" data-element_type=\"column\" data-e-type=\"column\">\n\t\t\t<div class=\"elementor-widget-wrap elementor-element-populated\">\n\t\t\t\t\t\t<div class=\"elementor-element elementor-element-c1eb885 elementor-widget elementor-widget-heading\" data-id=\"c1eb885\" data-element_type=\"widget\" data-e-type=\"widget\" data-widget_type=\"heading.default\">\n\t\t\t\t<div class=\"elementor-widget-container\">\n\t\t\t\t\t<h2 class=\"elementor-heading-title elementor-size-default\">Del 9 al 17 de Octubre<br>Estaremos en la Feria de Muestras<br>Pabell\u00f3n 2<\/h2>\t\t\t\t<\/div>\n\t\t\t\t<\/div>\n\t\t\t\t\t<\/div>\n\t\t<\/div>\n\t\t\t\t\t<\/div>\n\t\t<\/section>\n\t\t\t\t<section class=\"elementor-section elementor-top-section elementor-element elementor-element-347ad77 elementor-section-content-middle elementor-section-boxed elementor-section-height-default elementor-section-height-default\" data-id=\"347ad77\" data-element_type=\"section\" data-e-type=\"section\" data-settings=\"{&quot;background_background&quot;:&quot;classic&quot;}\">\n\t\t\t\t\t\t\t<div class=\"elementor-background-overlay\"><\/div>\n\t\t\t\t\t\t\t<div class=\"elementor-container elementor-column-gap-no\">\n\t\t\t\t\t<div class=\"elementor-column elementor-col-100 elementor-top-column elementor-element elementor-element-cf0cab6\" data-id=\"cf0cab6\" data-element_type=\"column\" data-e-type=\"column\" data-settings=\"{&quot;background_background&quot;:&quot;classic&quot;}\">\n\t\t\t<div class=\"elementor-widget-wrap elementor-element-populated\">\n\t\t\t\t\t<div class=\"elementor-background-overlay\"><\/div>\n\t\t\t\t\t\t<div class=\"elementor-element elementor-element-d2c8285 elementor-widget__width-initial elementor-widget elementor-widget-image\" data-id=\"d2c8285\" data-element_type=\"widget\" data-e-type=\"widget\" data-widget_type=\"image.default\">\n\t\t\t\t<div class=\"elementor-widget-container\">\n\t\t\t\t\t\t\t\t\t\t\t\t\t\t\t<img fetchpriority=\"high\" decoding=\"async\" width=\"673\" height=\"436\" src=\"https:\/\/saloninternacional.com\/wp-content\/uploads\/2021\/10\/Pilares.png\" class=\"attachment-large size-large wp-image-2390\" alt=\"\" srcset=\"https:\/\/saloninternacional.com\/wp-content\/uploads\/2021\/10\/Pilares.png 673w, https:\/\/saloninternacional.com\/wp-content\/uploads\/2021\/10\/Pilares-300x194.png 300w, https:\/\/saloninternacional.com\/wp-content\/uploads\/2021\/10\/Pilares-600x389.png 600w\" sizes=\"(max-width: 673px) 100vw, 673px\" \/>\t\t\t\t\t\t\t\t\t\t\t\t\t\t\t<\/div>\n\t\t\t\t<\/div>\n\t\t\t\t\t<\/div>\n\t\t<\/div>\n\t\t\t\t\t<\/div>\n\t\t<\/section>\n\t\t\t\t<\/div>\n\t\t","protected":false},"excerpt":{"rendered":"<p>Del 9 al 17 de OctubreEstaremos en la Feria de MuestrasPabell\u00f3n 2<\/p>\n","protected":false},"author":1,"featured_media":0,"parent":0,"menu_order":0,"comment_status":"closed","ping_status":"closed","template":"","meta":{"_acf_changed":false,"_eb_attr":"","om_disable_all_campaigns":false,"_monsterinsights_skip_tracking":false,"_monsterinsights_sitenote_active":false,"_monsterinsights_sitenote_note":"","_monsterinsights_sitenote_category":0,"site-sidebar-layout":"no-sidebar","site-content-layout":"page-builder","ast-site-content-layout":"default","site-content-style":"default","site-sidebar-style":"default","ast-global-header-display":"","ast-banner-title-visibility":"","ast-main-header-display":"","ast-hfb-above-header-display":"","ast-hfb-below-header-display":"","ast-hfb-mobile-header-display":"","site-post-title":"disabled","ast-breadcrumbs-content":"","ast-featured-img":"disabled","footer-sml-layout":"","ast-disable-related-posts":"","theme-transparent-header-meta":"enabled","adv-header-id-meta":"","stick-header-meta":"","header-above-stick-meta":"","header-main-stick-meta":"","header-below-stick-meta":"","astra-migrate-meta-layouts":"default","ast-page-background-enabled":"default","ast-page-background-meta":{"desktop":{"background-color":"","background-image":"","background-repeat":"repeat","background-position":"center center","background-size":"auto","background-attachment":"scroll","background-type":"","background-media":"","overlay-type":"","overlay-color":"","overlay-opacity":"","overlay-gradient":""},"tablet":{"background-color":"","background-image":"","background-repeat":"repeat","background-position":"center center","background-size":"auto","background-attachment":"scroll","background-type":"","background-media":"","overlay-type":"","overlay-color":"","overlay-opacity":"","overlay-gradient":""},"mobile":{"background-color":"","background-image":"","background-repeat":"repeat","background-position":"center center","background-size":"auto","background-attachment":"scroll","background-type":"","background-media":"","overlay-type":"","overlay-color":"","overlay-opacity":"","overlay-gradient":""}},"ast-content-background-meta":{"desktop":{"background-color":"var(--ast-global-color-5)","background-image":"","background-repeat":"repeat","background-position":"center center","background-size":"auto","background-attachment":"scroll","background-type":"","background-media":"","overlay-type":"","overlay-color":"","overlay-opacity":"","overlay-gradient":""},"tablet":{"background-color":"var(--ast-global-color-5)","background-image":"","background-repeat":"repeat","background-position":"center center","background-size":"auto","background-attachment":"scroll","background-type":"","background-media":"","overlay-type":"","overlay-color":"","overlay-opacity":"","overlay-gradient":""},"mobile":{"background-color":"var(--ast-global-color-5)","background-image":"","background-repeat":"repeat","background-position":"center center","background-size":"auto","background-attachment":"scroll","background-type":"","background-media":"","overlay-type":"","overlay-color":"","overlay-opacity":"","overlay-gradient":""}},"footnotes":""},"class_list":["post-2388","page","type-page","status-publish","hentry"],"acf":[],"yoast_head":"<!-- This site is optimized with the Yoast SEO plugin v27.4 - https:\/\/yoast.com\/product\/yoast-seo-wordpress\/ -->\n<title>Home_pilar - Sal\u00f3n Internacional, n\u00ba1 en sof\u00e1s<\/title>\n<meta name=\"robots\" content=\"index, follow, max-snippet:-1, max-image-preview:large, max-video-preview:-1\" \/>\n<link rel=\"canonical\" href=\"https:\/\/saloninternacional.com\/index.php\/home_pilar\/\" \/>\n<meta property=\"og:locale\" content=\"es_ES\" \/>\n<meta property=\"og:type\" content=\"article\" \/>\n<meta property=\"og:title\" content=\"Home_pilar - Sal\u00f3n Internacional, n\u00ba1 en sof\u00e1s\" \/>\n<meta property=\"og:description\" content=\"Del 9 al 17 de OctubreEstaremos en la Feria de MuestrasPabell\u00f3n 2\" \/>\n<meta property=\"og:url\" content=\"https:\/\/saloninternacional.com\/index.php\/home_pilar\/\" \/>\n<meta property=\"og:site_name\" content=\"Sal\u00f3n Internacional, n\u00ba1 en sof\u00e1s\" \/>\n<meta property=\"article:publisher\" content=\"https:\/\/www.facebook.com\/saloninternacional\" \/>\n<meta property=\"article:modified_time\" content=\"2021-10-09T20:35:40+00:00\" \/>\n<meta property=\"og:image\" content=\"http:\/\/saloninternacional.com\/wp-content\/uploads\/2021\/10\/Pilares.png\" \/>\n<meta name=\"twitter:card\" content=\"summary_large_image\" \/>\n<script type=\"application\/ld+json\" class=\"yoast-schema-graph\">{\"@context\":\"https:\\\/\\\/schema.org\",\"@graph\":[{\"@type\":\"WebPage\",\"@id\":\"https:\\\/\\\/saloninternacional.com\\\/index.php\\\/home_pilar\\\/\",\"url\":\"https:\\\/\\\/saloninternacional.com\\\/index.php\\\/home_pilar\\\/\",\"name\":\"Home_pilar - Sal\u00f3n Internacional, n\u00ba1 en sof\u00e1s\",\"isPartOf\":{\"@id\":\"https:\\\/\\\/saloninternacional.com\\\/#website\"},\"primaryImageOfPage\":{\"@id\":\"https:\\\/\\\/saloninternacional.com\\\/index.php\\\/home_pilar\\\/#primaryimage\"},\"image\":{\"@id\":\"https:\\\/\\\/saloninternacional.com\\\/index.php\\\/home_pilar\\\/#primaryimage\"},\"thumbnailUrl\":\"http:\\\/\\\/saloninternacional.com\\\/wp-content\\\/uploads\\\/2021\\\/10\\\/Pilares.png\",\"datePublished\":\"2021-10-09T20:32:29+00:00\",\"dateModified\":\"2021-10-09T20:35:40+00:00\",\"breadcrumb\":{\"@id\":\"https:\\\/\\\/saloninternacional.com\\\/index.php\\\/home_pilar\\\/#breadcrumb\"},\"inLanguage\":\"es\",\"potentialAction\":[{\"@type\":\"ReadAction\",\"target\":[\"https:\\\/\\\/saloninternacional.com\\\/index.php\\\/home_pilar\\\/\"]}]},{\"@type\":\"ImageObject\",\"inLanguage\":\"es\",\"@id\":\"https:\\\/\\\/saloninternacional.com\\\/index.php\\\/home_pilar\\\/#primaryimage\",\"url\":\"http:\\\/\\\/saloninternacional.com\\\/wp-content\\\/uploads\\\/2021\\\/10\\\/Pilares.png\",\"contentUrl\":\"http:\\\/\\\/saloninternacional.com\\\/wp-content\\\/uploads\\\/2021\\\/10\\\/Pilares.png\"},{\"@type\":\"BreadcrumbList\",\"@id\":\"https:\\\/\\\/saloninternacional.com\\\/index.php\\\/home_pilar\\\/#breadcrumb\",\"itemListElement\":[{\"@type\":\"ListItem\",\"position\":1,\"name\":\"Portada\",\"item\":\"https:\\\/\\\/saloninternacional.com\\\/\"},{\"@type\":\"ListItem\",\"position\":2,\"name\":\"Home_pilar\"}]},{\"@type\":\"WebSite\",\"@id\":\"https:\\\/\\\/saloninternacional.com\\\/#website\",\"url\":\"https:\\\/\\\/saloninternacional.com\\\/\",\"name\":\"Sal\u00f3n Internacional, n\u00ba1 en sof\u00e1s\",\"description\":\"Sof\u00e1s, sillones, Chaiselong, Relax, Sof\u00e1 Cama, Tresillo, Zaragoza\",\"publisher\":{\"@id\":\"https:\\\/\\\/saloninternacional.com\\\/#organization\"},\"alternateName\":\"Sal\u00f3n Internacional del sof\u00e1 Zaragoza\",\"potentialAction\":[{\"@type\":\"SearchAction\",\"target\":{\"@type\":\"EntryPoint\",\"urlTemplate\":\"https:\\\/\\\/saloninternacional.com\\\/?s={search_term_string}\"},\"query-input\":{\"@type\":\"PropertyValueSpecification\",\"valueRequired\":true,\"valueName\":\"search_term_string\"}}],\"inLanguage\":\"es\"},{\"@type\":\"Organization\",\"@id\":\"https:\\\/\\\/saloninternacional.com\\\/#organization\",\"name\":\"Sal\u00f3n Internacional, n\u00ba1 en sof\u00e1s\",\"url\":\"https:\\\/\\\/saloninternacional.com\\\/\",\"logo\":{\"@type\":\"ImageObject\",\"inLanguage\":\"es\",\"@id\":\"https:\\\/\\\/saloninternacional.com\\\/#\\\/schema\\\/logo\\\/image\\\/\",\"url\":\"https:\\\/\\\/saloninternacional.com\\\/wp-content\\\/uploads\\\/2025\\\/10\\\/Logo-200.png\",\"contentUrl\":\"https:\\\/\\\/saloninternacional.com\\\/wp-content\\\/uploads\\\/2025\\\/10\\\/Logo-200.png\",\"width\":201,\"height\":47,\"caption\":\"Sal\u00f3n Internacional, n\u00ba1 en sof\u00e1s\"},\"image\":{\"@id\":\"https:\\\/\\\/saloninternacional.com\\\/#\\\/schema\\\/logo\\\/image\\\/\"},\"sameAs\":[\"https:\\\/\\\/www.facebook.com\\\/saloninternacional\"]}]}<\/script>\n<!-- \/ Yoast SEO plugin. -->","yoast_head_json":{"title":"Home_pilar - Sal\u00f3n Internacional, n\u00ba1 en sof\u00e1s","robots":{"index":"index","follow":"follow","max-snippet":"max-snippet:-1","max-image-preview":"max-image-preview:large","max-video-preview":"max-video-preview:-1"},"canonical":"https:\/\/saloninternacional.com\/index.php\/home_pilar\/","og_locale":"es_ES","og_type":"article","og_title":"Home_pilar - Sal\u00f3n Internacional, n\u00ba1 en sof\u00e1s","og_description":"Del 9 al 17 de OctubreEstaremos en la Feria de MuestrasPabell\u00f3n 2","og_url":"https:\/\/saloninternacional.com\/index.php\/home_pilar\/","og_site_name":"Sal\u00f3n Internacional, n\u00ba1 en sof\u00e1s","article_publisher":"https:\/\/www.facebook.com\/saloninternacional","article_modified_time":"2021-10-09T20:35:40+00:00","og_image":[{"url":"http:\/\/saloninternacional.com\/wp-content\/uploads\/2021\/10\/Pilares.png","type":"","width":"","height":""}],"twitter_card":"summary_large_image","schema":{"@context":"https:\/\/schema.org","@graph":[{"@type":"WebPage","@id":"https:\/\/saloninternacional.com\/index.php\/home_pilar\/","url":"https:\/\/saloninternacional.com\/index.php\/home_pilar\/","name":"Home_pilar - Sal\u00f3n Internacional, n\u00ba1 en sof\u00e1s","isPartOf":{"@id":"https:\/\/saloninternacional.com\/#website"},"primaryImageOfPage":{"@id":"https:\/\/saloninternacional.com\/index.php\/home_pilar\/#primaryimage"},"image":{"@id":"https:\/\/saloninternacional.com\/index.php\/home_pilar\/#primaryimage"},"thumbnailUrl":"http:\/\/saloninternacional.com\/wp-content\/uploads\/2021\/10\/Pilares.png","datePublished":"2021-10-09T20:32:29+00:00","dateModified":"2021-10-09T20:35:40+00:00","breadcrumb":{"@id":"https:\/\/saloninternacional.com\/index.php\/home_pilar\/#breadcrumb"},"inLanguage":"es","potentialAction":[{"@type":"ReadAction","target":["https:\/\/saloninternacional.com\/index.php\/home_pilar\/"]}]},{"@type":"ImageObject","inLanguage":"es","@id":"https:\/\/saloninternacional.com\/index.php\/home_pilar\/#primaryimage","url":"http:\/\/saloninternacional.com\/wp-content\/uploads\/2021\/10\/Pilares.png","contentUrl":"http:\/\/saloninternacional.com\/wp-content\/uploads\/2021\/10\/Pilares.png"},{"@type":"BreadcrumbList","@id":"https:\/\/saloninternacional.com\/index.php\/home_pilar\/#breadcrumb","itemListElement":[{"@type":"ListItem","position":1,"name":"Portada","item":"https:\/\/saloninternacional.com\/"},{"@type":"ListItem","position":2,"name":"Home_pilar"}]},{"@type":"WebSite","@id":"https:\/\/saloninternacional.com\/#website","url":"https:\/\/saloninternacional.com\/","name":"Sal\u00f3n Internacional, n\u00ba1 en sof\u00e1s","description":"Sof\u00e1s, sillones, Chaiselong, Relax, Sof\u00e1 Cama, Tresillo, Zaragoza","publisher":{"@id":"https:\/\/saloninternacional.com\/#organization"},"alternateName":"Sal\u00f3n Internacional del sof\u00e1 Zaragoza","potentialAction":[{"@type":"SearchAction","target":{"@type":"EntryPoint","urlTemplate":"https:\/\/saloninternacional.com\/?s={search_term_string}"},"query-input":{"@type":"PropertyValueSpecification","valueRequired":true,"valueName":"search_term_string"}}],"inLanguage":"es"},{"@type":"Organization","@id":"https:\/\/saloninternacional.com\/#organization","name":"Sal\u00f3n Internacional, n\u00ba1 en sof\u00e1s","url":"https:\/\/saloninternacional.com\/","logo":{"@type":"ImageObject","inLanguage":"es","@id":"https:\/\/saloninternacional.com\/#\/schema\/logo\/image\/","url":"https:\/\/saloninternacional.com\/wp-content\/uploads\/2025\/10\/Logo-200.png","contentUrl":"https:\/\/saloninternacional.com\/wp-content\/uploads\/2025\/10\/Logo-200.png","width":201,"height":47,"caption":"Sal\u00f3n Internacional, n\u00ba1 en sof\u00e1s"},"image":{"@id":"https:\/\/saloninternacional.com\/#\/schema\/logo\/image\/"},"sameAs":["https:\/\/www.facebook.com\/saloninternacional"]}]}},"jetpack_sharing_enabled":true,"_links":{"self":[{"href":"https:\/\/saloninternacional.com\/index.php\/wp-json\/wp\/v2\/pages\/2388","targetHints":{"allow":["GET"]}}],"collection":[{"href":"https:\/\/saloninternacional.com\/index.php\/wp-json\/wp\/v2\/pages"}],"about":[{"href":"https:\/\/saloninternacional.com\/index.php\/wp-json\/wp\/v2\/types\/page"}],"author":[{"embeddable":true,"href":"https:\/\/saloninternacional.com\/index.php\/wp-json\/wp\/v2\/users\/1"}],"replies":[{"embeddable":true,"href":"https:\/\/saloninternacional.com\/index.php\/wp-json\/wp\/v2\/comments?post=2388"}],"version-history":[{"count":0,"href":"https:\/\/saloninternacional.com\/index.php\/wp-json\/wp\/v2\/pages\/2388\/revisions"}],"wp:attachment":[{"href":"https:\/\/saloninternacional.com\/index.php\/wp-json\/wp\/v2\/media?parent=2388"}],"curies":[{"name":"wp","href":"https:\/\/api.w.org\/{rel}","templated":true}]}}