{"id":1454,"date":"2020-11-21T17:57:02","date_gmt":"2020-11-21T16:57:02","guid":{"rendered":"http:\/\/saloninternacional.com\/?page_id=1454"},"modified":"2022-01-22T10:40:34","modified_gmt":"2022-01-22T09:40:34","slug":"rinconeras","status":"publish","type":"page","link":"https:\/\/saloninternacional.com\/index.php\/rinconeras\/","title":{"rendered":"Rinconeras"},"content":{"rendered":"\t\t<div data-elementor-type=\"wp-post\" data-elementor-id=\"1454\" class=\"elementor elementor-1454\">\n\t\t\t\t\t\t<section class=\"elementor-section elementor-top-section elementor-element elementor-element-1c161743 elementor-section-boxed elementor-section-height-default elementor-section-height-default\" data-id=\"1c161743\" data-element_type=\"section\" data-e-type=\"section\" data-settings=\"{&quot;background_background&quot;:&quot;classic&quot;}\">\n\t\t\t\t\t\t\t<div class=\"elementor-background-overlay\"><\/div>\n\t\t\t\t\t\t\t<div class=\"elementor-container elementor-column-gap-no\">\n\t\t\t\t\t<div class=\"elementor-column elementor-col-100 elementor-top-column elementor-element elementor-element-627d982b\" data-id=\"627d982b\" data-element_type=\"column\" data-e-type=\"column\">\n\t\t\t<div class=\"elementor-widget-wrap elementor-element-populated\">\n\t\t\t\t\t\t<div class=\"elementor-element elementor-element-3cdbf235 elementor-widget elementor-widget-heading\" data-id=\"3cdbf235\" data-element_type=\"widget\" data-e-type=\"widget\" data-widget_type=\"heading.default\">\n\t\t\t\t<div class=\"elementor-widget-container\">\n\t\t\t\t\t<h1 class=\"elementor-heading-title elementor-size-default\">RINCONERAS<\/h1>\t\t\t\t<\/div>\n\t\t\t\t<\/div>\n\t\t\t\t\t<\/div>\n\t\t<\/div>\n\t\t\t\t\t<\/div>\n\t\t<\/section>\n\t\t\t\t<section class=\"elementor-section elementor-top-section elementor-element elementor-element-40e6a98a elementor-section-full_width elementor-section-height-default elementor-section-height-default\" data-id=\"40e6a98a\" data-element_type=\"section\" data-e-type=\"section\">\n\t\t\t\t\t\t<div class=\"elementor-container elementor-column-gap-wider\">\n\t\t\t\t\t<div class=\"elementor-column elementor-col-100 elementor-top-column elementor-element elementor-element-4fa42a\" data-id=\"4fa42a\" data-element_type=\"column\" data-e-type=\"column\">\n\t\t\t<div class=\"elementor-widget-wrap elementor-element-populated\">\n\t\t\t\t\t\t<section class=\"elementor-section elementor-inner-section elementor-element elementor-element-01a6cdb elementor-section-full_width elementor-section-height-default elementor-section-height-default\" data-id=\"01a6cdb\" data-element_type=\"section\" data-e-type=\"section\">\n\t\t\t\t\t\t<div class=\"elementor-container elementor-column-gap-wider\">\n\t\t\t\t\t<div class=\"elementor-column elementor-col-33 elementor-inner-column elementor-element elementor-element-e43e207\" data-id=\"e43e207\" data-element_type=\"column\" data-e-type=\"column\">\n\t\t\t<div class=\"elementor-widget-wrap elementor-element-populated\">\n\t\t\t\t\t\t<div class=\"elementor-element elementor-element-5393fb6 elementor-widget elementor-widget-image\" data-id=\"5393fb6\" data-element_type=\"widget\" data-e-type=\"widget\" data-widget_type=\"image.default\">\n\t\t\t\t<div class=\"elementor-widget-container\">\n\t\t\t\t\t\t\t\t\t\t\t\t<figure class=\"wp-caption\">\n\t\t\t\t\t\t\t\t\t\t\t<a href=\"https:\/\/saloninternacional.com\/wp-content\/uploads\/2020\/12\/Gandia_Rinconera_Azul_01.jpg\" data-elementor-open-lightbox=\"yes\" data-elementor-lightbox-title=\"Gandia Rinconera Chaiselong\" data-elementor-lightbox-description=\"Gandia Rinconera Chaiselong\" data-e-action-hash=\"#elementor-action%3Aaction%3Dlightbox%26settings%3DeyJpZCI6MTc5MSwidXJsIjoiaHR0cHM6XC9cL3NhbG9uaW50ZXJuYWNpb25hbC5jb21cL3dwLWNvbnRlbnRcL3VwbG9hZHNcLzIwMjBcLzEyXC9HYW5kaWFfUmluY29uZXJhX0F6dWxfMDEuanBnIn0%3D\">\n\t\t\t\t\t\t\t<img fetchpriority=\"high\" decoding=\"async\" width=\"768\" height=\"512\" src=\"https:\/\/saloninternacional.com\/wp-content\/uploads\/2020\/12\/Gandia_Rinconera_Azul_01-768x512.jpg\" class=\"attachment-medium_large size-medium_large wp-image-1791\" alt=\"Gandia Rinconera Chaiselong\" srcset=\"https:\/\/saloninternacional.com\/wp-content\/uploads\/2020\/12\/Gandia_Rinconera_Azul_01-768x512.jpg 768w, https:\/\/saloninternacional.com\/wp-content\/uploads\/2020\/12\/Gandia_Rinconera_Azul_01-300x200.jpg 300w, https:\/\/saloninternacional.com\/wp-content\/uploads\/2020\/12\/Gandia_Rinconera_Azul_01-600x400.jpg 600w, https:\/\/saloninternacional.com\/wp-content\/uploads\/2020\/12\/Gandia_Rinconera_Azul_01-1024x683.jpg 1024w, https:\/\/saloninternacional.com\/wp-content\/uploads\/2020\/12\/Gandia_Rinconera_Azul_01-1536x1024.jpg 1536w, https:\/\/saloninternacional.com\/wp-content\/uploads\/2020\/12\/Gandia_Rinconera_Azul_01.jpg 1620w\" sizes=\"(max-width: 768px) 100vw, 768px\" \/>\t\t\t\t\t\t\t\t<\/a>\n\t\t\t\t\t\t\t\t\t\t\t<figcaption class=\"widget-image-caption wp-caption-text\">gandia<\/figcaption>\n\t\t\t\t\t\t\t\t\t\t<\/figure>\n\t\t\t\t\t\t\t\t\t<\/div>\n\t\t\t\t<\/div>\n\t\t\t\t\t<\/div>\n\t\t<\/div>\n\t\t\t\t<div class=\"elementor-column elementor-col-33 elementor-inner-column elementor-element elementor-element-3f63775\" data-id=\"3f63775\" data-element_type=\"column\" data-e-type=\"column\">\n\t\t\t<div class=\"elementor-widget-wrap elementor-element-populated\">\n\t\t\t\t\t\t<div class=\"elementor-element elementor-element-a96c42f elementor-widget elementor-widget-image\" data-id=\"a96c42f\" data-element_type=\"widget\" data-e-type=\"widget\" data-widget_type=\"image.default\">\n\t\t\t\t<div class=\"elementor-widget-container\">\n\t\t\t\t\t\t\t\t\t\t\t\t<figure class=\"wp-caption\">\n\t\t\t\t\t\t\t\t\t\t\t<a href=\"https:\/\/saloninternacional.com\/wp-content\/uploads\/2020\/12\/Toscana_rinconera_piel_blanco-1.jpg\" data-elementor-open-lightbox=\"yes\" data-elementor-lightbox-title=\"Toscana rinconera piel Blanco\" data-elementor-lightbox-description=\"Toscana rinconera piel Blanco\" data-e-action-hash=\"#elementor-action%3Aaction%3Dlightbox%26settings%3DeyJpZCI6MTgyNywidXJsIjoiaHR0cHM6XC9cL3NhbG9uaW50ZXJuYWNpb25hbC5jb21cL3dwLWNvbnRlbnRcL3VwbG9hZHNcLzIwMjBcLzEyXC9Ub3NjYW5hX3JpbmNvbmVyYV9waWVsX2JsYW5jby0xLmpwZyJ9\">\n\t\t\t\t\t\t\t<img decoding=\"async\" width=\"768\" height=\"512\" src=\"https:\/\/saloninternacional.com\/wp-content\/uploads\/2020\/12\/Toscana_rinconera_piel_blanco-1-768x512.jpg\" class=\"attachment-medium_large size-medium_large wp-image-1827\" alt=\"Toscana rinconera piel Blanco\" srcset=\"https:\/\/saloninternacional.com\/wp-content\/uploads\/2020\/12\/Toscana_rinconera_piel_blanco-1-768x512.jpg 768w, https:\/\/saloninternacional.com\/wp-content\/uploads\/2020\/12\/Toscana_rinconera_piel_blanco-1-300x200.jpg 300w, https:\/\/saloninternacional.com\/wp-content\/uploads\/2020\/12\/Toscana_rinconera_piel_blanco-1-600x400.jpg 600w, https:\/\/saloninternacional.com\/wp-content\/uploads\/2020\/12\/Toscana_rinconera_piel_blanco-1-1024x683.jpg 1024w, https:\/\/saloninternacional.com\/wp-content\/uploads\/2020\/12\/Toscana_rinconera_piel_blanco-1-1536x1024.jpg 1536w, https:\/\/saloninternacional.com\/wp-content\/uploads\/2020\/12\/Toscana_rinconera_piel_blanco-1.jpg 1620w\" sizes=\"(max-width: 768px) 100vw, 768px\" \/>\t\t\t\t\t\t\t\t<\/a>\n\t\t\t\t\t\t\t\t\t\t\t<figcaption class=\"widget-image-caption wp-caption-text\">Toscana<\/figcaption>\n\t\t\t\t\t\t\t\t\t\t<\/figure>\n\t\t\t\t\t\t\t\t\t<\/div>\n\t\t\t\t<\/div>\n\t\t\t\t\t<\/div>\n\t\t<\/div>\n\t\t\t\t<div class=\"elementor-column elementor-col-33 elementor-inner-column elementor-element elementor-element-78d1ef6\" data-id=\"78d1ef6\" data-element_type=\"column\" data-e-type=\"column\">\n\t\t\t<div class=\"elementor-widget-wrap elementor-element-populated\">\n\t\t\t\t\t\t<div class=\"elementor-element elementor-element-bce1060 elementor-widget elementor-widget-image\" data-id=\"bce1060\" data-element_type=\"widget\" data-e-type=\"widget\" data-widget_type=\"image.default\">\n\t\t\t\t<div class=\"elementor-widget-container\">\n\t\t\t\t\t\t\t\t\t\t\t\t<figure class=\"wp-caption\">\n\t\t\t\t\t\t\t\t\t\t\t<a href=\"https:\/\/saloninternacional.com\/wp-content\/uploads\/2020\/12\/Amelia_Rinconera_Gris_01.jpg\" data-elementor-open-lightbox=\"yes\" data-elementor-lightbox-title=\"Amelia Rinconera\" data-elementor-lightbox-description=\"Amelia Rinconera\" data-e-action-hash=\"#elementor-action%3Aaction%3Dlightbox%26settings%3DeyJpZCI6MTc5MCwidXJsIjoiaHR0cHM6XC9cL3NhbG9uaW50ZXJuYWNpb25hbC5jb21cL3dwLWNvbnRlbnRcL3VwbG9hZHNcLzIwMjBcLzEyXC9BbWVsaWFfUmluY29uZXJhX0dyaXNfMDEuanBnIn0%3D\">\n\t\t\t\t\t\t\t<img decoding=\"async\" width=\"768\" height=\"512\" src=\"https:\/\/saloninternacional.com\/wp-content\/uploads\/2020\/12\/Amelia_Rinconera_Gris_01-768x512.jpg\" class=\"attachment-medium_large size-medium_large wp-image-1790\" alt=\"Amelia Rinconera\" srcset=\"https:\/\/saloninternacional.com\/wp-content\/uploads\/2020\/12\/Amelia_Rinconera_Gris_01-768x512.jpg 768w, https:\/\/saloninternacional.com\/wp-content\/uploads\/2020\/12\/Amelia_Rinconera_Gris_01-300x200.jpg 300w, https:\/\/saloninternacional.com\/wp-content\/uploads\/2020\/12\/Amelia_Rinconera_Gris_01-600x400.jpg 600w, https:\/\/saloninternacional.com\/wp-content\/uploads\/2020\/12\/Amelia_Rinconera_Gris_01-1024x682.jpg 1024w, https:\/\/saloninternacional.com\/wp-content\/uploads\/2020\/12\/Amelia_Rinconera_Gris_01-1536x1023.jpg 1536w, https:\/\/saloninternacional.com\/wp-content\/uploads\/2020\/12\/Amelia_Rinconera_Gris_01.jpg 1621w\" sizes=\"(max-width: 768px) 100vw, 768px\" \/>\t\t\t\t\t\t\t\t<\/a>\n\t\t\t\t\t\t\t\t\t\t\t<figcaption class=\"widget-image-caption wp-caption-text\">amelia<\/figcaption>\n\t\t\t\t\t\t\t\t\t\t<\/figure>\n\t\t\t\t\t\t\t\t\t<\/div>\n\t\t\t\t<\/div>\n\t\t\t\t\t<\/div>\n\t\t<\/div>\n\t\t\t\t\t<\/div>\n\t\t<\/section>\n\t\t\t\t<section class=\"elementor-section elementor-inner-section elementor-element elementor-element-53eaece elementor-section-full_width elementor-section-height-default elementor-section-height-default\" data-id=\"53eaece\" data-element_type=\"section\" data-e-type=\"section\">\n\t\t\t\t\t\t<div class=\"elementor-container elementor-column-gap-wider\">\n\t\t\t\t\t<div class=\"elementor-column elementor-col-33 elementor-inner-column elementor-element elementor-element-03f4c11\" data-id=\"03f4c11\" data-element_type=\"column\" data-e-type=\"column\">\n\t\t\t<div class=\"elementor-widget-wrap elementor-element-populated\">\n\t\t\t\t\t\t\t<\/div>\n\t\t<\/div>\n\t\t\t\t<div class=\"elementor-column elementor-col-33 elementor-inner-column elementor-element elementor-element-812b7ce\" data-id=\"812b7ce\" data-element_type=\"column\" data-e-type=\"column\">\n\t\t\t<div class=\"elementor-widget-wrap elementor-element-populated\">\n\t\t\t\t\t\t<div class=\"elementor-element elementor-element-944bf9c elementor-widget elementor-widget-image\" data-id=\"944bf9c\" data-element_type=\"widget\" data-e-type=\"widget\" data-widget_type=\"image.default\">\n\t\t\t\t<div class=\"elementor-widget-container\">\n\t\t\t\t\t\t\t\t\t\t\t\t<figure class=\"wp-caption\">\n\t\t\t\t\t\t\t\t\t\t\t<a href=\"https:\/\/saloninternacional.com\/wp-content\/uploads\/2022\/01\/Lyon-Rinconera.jpg\" data-elementor-open-lightbox=\"yes\" data-elementor-lightbox-title=\"Lyon Rinconera\" data-elementor-lightbox-description=\"Lyon Rinconera, Chaiselong con arc\u00f3n, 2 asientos relax el\u00e9ctricos, Rinc\u00f3n, 2 asientos deslizantes y brazo con arc\u00f3n.\" data-e-action-hash=\"#elementor-action%3Aaction%3Dlightbox%26settings%3DeyJpZCI6MjQ2NSwidXJsIjoiaHR0cHM6XC9cL3NhbG9uaW50ZXJuYWNpb25hbC5jb21cL3dwLWNvbnRlbnRcL3VwbG9hZHNcLzIwMjJcLzAxXC9MeW9uLVJpbmNvbmVyYS5qcGcifQ%3D%3D\">\n\t\t\t\t\t\t\t<img loading=\"lazy\" decoding=\"async\" width=\"768\" height=\"512\" src=\"https:\/\/saloninternacional.com\/wp-content\/uploads\/2022\/01\/Lyon-Rinconera-768x512.jpg\" class=\"attachment-medium_large size-medium_large wp-image-2465\" alt=\"Lyon Rinconera\" srcset=\"https:\/\/saloninternacional.com\/wp-content\/uploads\/2022\/01\/Lyon-Rinconera-768x512.jpg 768w, https:\/\/saloninternacional.com\/wp-content\/uploads\/2022\/01\/Lyon-Rinconera-300x200.jpg 300w, https:\/\/saloninternacional.com\/wp-content\/uploads\/2022\/01\/Lyon-Rinconera-600x400.jpg 600w, https:\/\/saloninternacional.com\/wp-content\/uploads\/2022\/01\/Lyon-Rinconera-1024x683.jpg 1024w, https:\/\/saloninternacional.com\/wp-content\/uploads\/2022\/01\/Lyon-Rinconera-1536x1024.jpg 1536w, https:\/\/saloninternacional.com\/wp-content\/uploads\/2022\/01\/Lyon-Rinconera.jpg 1620w\" sizes=\"(max-width: 768px) 100vw, 768px\" \/>\t\t\t\t\t\t\t\t<\/a>\n\t\t\t\t\t\t\t\t\t\t\t<figcaption class=\"widget-image-caption wp-caption-text\">Lyon<\/figcaption>\n\t\t\t\t\t\t\t\t\t\t<\/figure>\n\t\t\t\t\t\t\t\t\t<\/div>\n\t\t\t\t<\/div>\n\t\t\t\t\t<\/div>\n\t\t<\/div>\n\t\t\t\t<div class=\"elementor-column elementor-col-33 elementor-inner-column elementor-element elementor-element-c10527a\" data-id=\"c10527a\" data-element_type=\"column\" data-e-type=\"column\">\n\t\t\t<div class=\"elementor-widget-wrap elementor-element-populated\">\n\t\t\t\t\t\t\t<\/div>\n\t\t<\/div>\n\t\t\t\t\t<\/div>\n\t\t<\/section>\n\t\t\t\t\t<\/div>\n\t\t<\/div>\n\t\t\t\t\t<\/div>\n\t\t<\/section>\n\t\t\t\t<section class=\"elementor-section elementor-top-section elementor-element elementor-element-aff1220 elementor-section-boxed elementor-section-height-default elementor-section-height-default\" data-id=\"aff1220\" data-element_type=\"section\" data-e-type=\"section\">\n\t\t\t\t\t\t<div class=\"elementor-container elementor-column-gap-default\">\n\t\t\t\t\t<div class=\"elementor-column elementor-col-100 elementor-top-column elementor-element elementor-element-748da5b\" data-id=\"748da5b\" data-element_type=\"column\" data-e-type=\"column\">\n\t\t\t<div class=\"elementor-widget-wrap\">\n\t\t\t\t\t\t\t<\/div>\n\t\t<\/div>\n\t\t\t\t\t<\/div>\n\t\t<\/section>\n\t\t\t\t<\/div>\n\t\t","protected":false},"excerpt":{"rendered":"<p>RINCONERAS gandia Toscana amelia Lyon<\/p>\n","protected":false},"author":1,"featured_media":0,"parent":0,"menu_order":0,"comment_status":"closed","ping_status":"closed","template":"","meta":{"_acf_changed":false,"_eb_attr":"","om_disable_all_campaigns":false,"_monsterinsights_skip_tracking":false,"_monsterinsights_sitenote_active":false,"_monsterinsights_sitenote_note":"","_monsterinsights_sitenote_category":0,"site-sidebar-layout":"no-sidebar","site-content-layout":"page-builder","ast-site-content-layout":"default","site-content-style":"default","site-sidebar-style":"default","ast-global-header-display":"","ast-banner-title-visibility":"","ast-main-header-display":"","ast-hfb-above-header-display":"","ast-hfb-below-header-display":"","ast-hfb-mobile-header-display":"","site-post-title":"disabled","ast-breadcrumbs-content":"","ast-featured-img":"disabled","footer-sml-layout":"","ast-disable-related-posts":"","theme-transparent-header-meta":"enabled","adv-header-id-meta":"","stick-header-meta":"","header-above-stick-meta":"","header-main-stick-meta":"","header-below-stick-meta":"","astra-migrate-meta-layouts":"default","ast-page-background-enabled":"default","ast-page-background-meta":{"desktop":{"background-color":"","background-image":"","background-repeat":"repeat","background-position":"center center","background-size":"auto","background-attachment":"scroll","background-type":"","background-media":"","overlay-type":"","overlay-color":"","overlay-opacity":"","overlay-gradient":""},"tablet":{"background-color":"","background-image":"","background-repeat":"repeat","background-position":"center center","background-size":"auto","background-attachment":"scroll","background-type":"","background-media":"","overlay-type":"","overlay-color":"","overlay-opacity":"","overlay-gradient":""},"mobile":{"background-color":"","background-image":"","background-repeat":"repeat","background-position":"center center","background-size":"auto","background-attachment":"scroll","background-type":"","background-media":"","overlay-type":"","overlay-color":"","overlay-opacity":"","overlay-gradient":""}},"ast-content-background-meta":{"desktop":{"background-color":"var(--ast-global-color-5)","background-image":"","background-repeat":"repeat","background-position":"center center","background-size":"auto","background-attachment":"scroll","background-type":"","background-media":"","overlay-type":"","overlay-color":"","overlay-opacity":"","overlay-gradient":""},"tablet":{"background-color":"var(--ast-global-color-5)","background-image":"","background-repeat":"repeat","background-position":"center center","background-size":"auto","background-attachment":"scroll","background-type":"","background-media":"","overlay-type":"","overlay-color":"","overlay-opacity":"","overlay-gradient":""},"mobile":{"background-color":"var(--ast-global-color-5)","background-image":"","background-repeat":"repeat","background-position":"center center","background-size":"auto","background-attachment":"scroll","background-type":"","background-media":"","overlay-type":"","overlay-color":"","overlay-opacity":"","overlay-gradient":""}},"footnotes":""},"class_list":["post-1454","page","type-page","status-publish","hentry"],"acf":[],"yoast_head":"<!-- This site is optimized with the Yoast SEO plugin v27.4 - https:\/\/yoast.com\/product\/yoast-seo-wordpress\/ -->\n<title>Rinconeras - Sal\u00f3n Internacional, n\u00ba1 en sof\u00e1s<\/title>\n<meta name=\"robots\" content=\"index, follow, max-snippet:-1, max-image-preview:large, max-video-preview:-1\" \/>\n<link rel=\"canonical\" href=\"https:\/\/saloninternacional.com\/index.php\/rinconeras\/\" \/>\n<meta property=\"og:locale\" content=\"es_ES\" \/>\n<meta property=\"og:type\" content=\"article\" \/>\n<meta property=\"og:title\" content=\"Rinconeras - Sal\u00f3n Internacional, n\u00ba1 en sof\u00e1s\" \/>\n<meta property=\"og:description\" content=\"RINCONERAS gandia Toscana amelia Lyon\" \/>\n<meta property=\"og:url\" content=\"https:\/\/saloninternacional.com\/index.php\/rinconeras\/\" \/>\n<meta property=\"og:site_name\" content=\"Sal\u00f3n Internacional, n\u00ba1 en sof\u00e1s\" \/>\n<meta property=\"article:publisher\" content=\"https:\/\/www.facebook.com\/saloninternacional\" \/>\n<meta property=\"article:modified_time\" content=\"2022-01-22T09:40:34+00:00\" \/>\n<meta property=\"og:image\" content=\"http:\/\/saloninternacional.com\/wp-content\/uploads\/2020\/12\/Gandia_Rinconera_Azul_01-768x512.jpg\" \/>\n<meta name=\"twitter:card\" content=\"summary_large_image\" \/>\n<script type=\"application\/ld+json\" class=\"yoast-schema-graph\">{\"@context\":\"https:\\\/\\\/schema.org\",\"@graph\":[{\"@type\":\"WebPage\",\"@id\":\"https:\\\/\\\/saloninternacional.com\\\/index.php\\\/rinconeras\\\/\",\"url\":\"https:\\\/\\\/saloninternacional.com\\\/index.php\\\/rinconeras\\\/\",\"name\":\"Rinconeras - Sal\u00f3n Internacional, n\u00ba1 en sof\u00e1s\",\"isPartOf\":{\"@id\":\"https:\\\/\\\/saloninternacional.com\\\/#website\"},\"primaryImageOfPage\":{\"@id\":\"https:\\\/\\\/saloninternacional.com\\\/index.php\\\/rinconeras\\\/#primaryimage\"},\"image\":{\"@id\":\"https:\\\/\\\/saloninternacional.com\\\/index.php\\\/rinconeras\\\/#primaryimage\"},\"thumbnailUrl\":\"http:\\\/\\\/saloninternacional.com\\\/wp-content\\\/uploads\\\/2020\\\/12\\\/Gandia_Rinconera_Azul_01-768x512.jpg\",\"datePublished\":\"2020-11-21T16:57:02+00:00\",\"dateModified\":\"2022-01-22T09:40:34+00:00\",\"breadcrumb\":{\"@id\":\"https:\\\/\\\/saloninternacional.com\\\/index.php\\\/rinconeras\\\/#breadcrumb\"},\"inLanguage\":\"es\",\"potentialAction\":[{\"@type\":\"ReadAction\",\"target\":[\"https:\\\/\\\/saloninternacional.com\\\/index.php\\\/rinconeras\\\/\"]}]},{\"@type\":\"ImageObject\",\"inLanguage\":\"es\",\"@id\":\"https:\\\/\\\/saloninternacional.com\\\/index.php\\\/rinconeras\\\/#primaryimage\",\"url\":\"http:\\\/\\\/saloninternacional.com\\\/wp-content\\\/uploads\\\/2020\\\/12\\\/Gandia_Rinconera_Azul_01-768x512.jpg\",\"contentUrl\":\"http:\\\/\\\/saloninternacional.com\\\/wp-content\\\/uploads\\\/2020\\\/12\\\/Gandia_Rinconera_Azul_01-768x512.jpg\"},{\"@type\":\"BreadcrumbList\",\"@id\":\"https:\\\/\\\/saloninternacional.com\\\/index.php\\\/rinconeras\\\/#breadcrumb\",\"itemListElement\":[{\"@type\":\"ListItem\",\"position\":1,\"name\":\"Portada\",\"item\":\"https:\\\/\\\/saloninternacional.com\\\/\"},{\"@type\":\"ListItem\",\"position\":2,\"name\":\"Rinconeras\"}]},{\"@type\":\"WebSite\",\"@id\":\"https:\\\/\\\/saloninternacional.com\\\/#website\",\"url\":\"https:\\\/\\\/saloninternacional.com\\\/\",\"name\":\"Sal\u00f3n Internacional, n\u00ba1 en sof\u00e1s\",\"description\":\"Sof\u00e1s, sillones, Chaiselong, Relax, Sof\u00e1 Cama, Tresillo, Zaragoza\",\"publisher\":{\"@id\":\"https:\\\/\\\/saloninternacional.com\\\/#organization\"},\"alternateName\":\"Sal\u00f3n Internacional del sof\u00e1 Zaragoza\",\"potentialAction\":[{\"@type\":\"SearchAction\",\"target\":{\"@type\":\"EntryPoint\",\"urlTemplate\":\"https:\\\/\\\/saloninternacional.com\\\/?s={search_term_string}\"},\"query-input\":{\"@type\":\"PropertyValueSpecification\",\"valueRequired\":true,\"valueName\":\"search_term_string\"}}],\"inLanguage\":\"es\"},{\"@type\":\"Organization\",\"@id\":\"https:\\\/\\\/saloninternacional.com\\\/#organization\",\"name\":\"Sal\u00f3n Internacional, n\u00ba1 en sof\u00e1s\",\"url\":\"https:\\\/\\\/saloninternacional.com\\\/\",\"logo\":{\"@type\":\"ImageObject\",\"inLanguage\":\"es\",\"@id\":\"https:\\\/\\\/saloninternacional.com\\\/#\\\/schema\\\/logo\\\/image\\\/\",\"url\":\"https:\\\/\\\/saloninternacional.com\\\/wp-content\\\/uploads\\\/2025\\\/10\\\/Logo-200.png\",\"contentUrl\":\"https:\\\/\\\/saloninternacional.com\\\/wp-content\\\/uploads\\\/2025\\\/10\\\/Logo-200.png\",\"width\":201,\"height\":47,\"caption\":\"Sal\u00f3n Internacional, n\u00ba1 en sof\u00e1s\"},\"image\":{\"@id\":\"https:\\\/\\\/saloninternacional.com\\\/#\\\/schema\\\/logo\\\/image\\\/\"},\"sameAs\":[\"https:\\\/\\\/www.facebook.com\\\/saloninternacional\"]}]}<\/script>\n<!-- \/ Yoast SEO plugin. -->","yoast_head_json":{"title":"Rinconeras - Sal\u00f3n Internacional, n\u00ba1 en sof\u00e1s","robots":{"index":"index","follow":"follow","max-snippet":"max-snippet:-1","max-image-preview":"max-image-preview:large","max-video-preview":"max-video-preview:-1"},"canonical":"https:\/\/saloninternacional.com\/index.php\/rinconeras\/","og_locale":"es_ES","og_type":"article","og_title":"Rinconeras - Sal\u00f3n Internacional, n\u00ba1 en sof\u00e1s","og_description":"RINCONERAS gandia Toscana amelia Lyon","og_url":"https:\/\/saloninternacional.com\/index.php\/rinconeras\/","og_site_name":"Sal\u00f3n Internacional, n\u00ba1 en sof\u00e1s","article_publisher":"https:\/\/www.facebook.com\/saloninternacional","article_modified_time":"2022-01-22T09:40:34+00:00","og_image":[{"url":"http:\/\/saloninternacional.com\/wp-content\/uploads\/2020\/12\/Gandia_Rinconera_Azul_01-768x512.jpg","type":"","width":"","height":""}],"twitter_card":"summary_large_image","schema":{"@context":"https:\/\/schema.org","@graph":[{"@type":"WebPage","@id":"https:\/\/saloninternacional.com\/index.php\/rinconeras\/","url":"https:\/\/saloninternacional.com\/index.php\/rinconeras\/","name":"Rinconeras - Sal\u00f3n Internacional, n\u00ba1 en sof\u00e1s","isPartOf":{"@id":"https:\/\/saloninternacional.com\/#website"},"primaryImageOfPage":{"@id":"https:\/\/saloninternacional.com\/index.php\/rinconeras\/#primaryimage"},"image":{"@id":"https:\/\/saloninternacional.com\/index.php\/rinconeras\/#primaryimage"},"thumbnailUrl":"http:\/\/saloninternacional.com\/wp-content\/uploads\/2020\/12\/Gandia_Rinconera_Azul_01-768x512.jpg","datePublished":"2020-11-21T16:57:02+00:00","dateModified":"2022-01-22T09:40:34+00:00","breadcrumb":{"@id":"https:\/\/saloninternacional.com\/index.php\/rinconeras\/#breadcrumb"},"inLanguage":"es","potentialAction":[{"@type":"ReadAction","target":["https:\/\/saloninternacional.com\/index.php\/rinconeras\/"]}]},{"@type":"ImageObject","inLanguage":"es","@id":"https:\/\/saloninternacional.com\/index.php\/rinconeras\/#primaryimage","url":"http:\/\/saloninternacional.com\/wp-content\/uploads\/2020\/12\/Gandia_Rinconera_Azul_01-768x512.jpg","contentUrl":"http:\/\/saloninternacional.com\/wp-content\/uploads\/2020\/12\/Gandia_Rinconera_Azul_01-768x512.jpg"},{"@type":"BreadcrumbList","@id":"https:\/\/saloninternacional.com\/index.php\/rinconeras\/#breadcrumb","itemListElement":[{"@type":"ListItem","position":1,"name":"Portada","item":"https:\/\/saloninternacional.com\/"},{"@type":"ListItem","position":2,"name":"Rinconeras"}]},{"@type":"WebSite","@id":"https:\/\/saloninternacional.com\/#website","url":"https:\/\/saloninternacional.com\/","name":"Sal\u00f3n Internacional, n\u00ba1 en sof\u00e1s","description":"Sof\u00e1s, sillones, Chaiselong, Relax, Sof\u00e1 Cama, Tresillo, Zaragoza","publisher":{"@id":"https:\/\/saloninternacional.com\/#organization"},"alternateName":"Sal\u00f3n Internacional del sof\u00e1 Zaragoza","potentialAction":[{"@type":"SearchAction","target":{"@type":"EntryPoint","urlTemplate":"https:\/\/saloninternacional.com\/?s={search_term_string}"},"query-input":{"@type":"PropertyValueSpecification","valueRequired":true,"valueName":"search_term_string"}}],"inLanguage":"es"},{"@type":"Organization","@id":"https:\/\/saloninternacional.com\/#organization","name":"Sal\u00f3n Internacional, n\u00ba1 en sof\u00e1s","url":"https:\/\/saloninternacional.com\/","logo":{"@type":"ImageObject","inLanguage":"es","@id":"https:\/\/saloninternacional.com\/#\/schema\/logo\/image\/","url":"https:\/\/saloninternacional.com\/wp-content\/uploads\/2025\/10\/Logo-200.png","contentUrl":"https:\/\/saloninternacional.com\/wp-content\/uploads\/2025\/10\/Logo-200.png","width":201,"height":47,"caption":"Sal\u00f3n Internacional, n\u00ba1 en sof\u00e1s"},"image":{"@id":"https:\/\/saloninternacional.com\/#\/schema\/logo\/image\/"},"sameAs":["https:\/\/www.facebook.com\/saloninternacional"]}]}},"jetpack_sharing_enabled":true,"_links":{"self":[{"href":"https:\/\/saloninternacional.com\/index.php\/wp-json\/wp\/v2\/pages\/1454","targetHints":{"allow":["GET"]}}],"collection":[{"href":"https:\/\/saloninternacional.com\/index.php\/wp-json\/wp\/v2\/pages"}],"about":[{"href":"https:\/\/saloninternacional.com\/index.php\/wp-json\/wp\/v2\/types\/page"}],"author":[{"embeddable":true,"href":"https:\/\/saloninternacional.com\/index.php\/wp-json\/wp\/v2\/users\/1"}],"replies":[{"embeddable":true,"href":"https:\/\/saloninternacional.com\/index.php\/wp-json\/wp\/v2\/comments?post=1454"}],"version-history":[{"count":0,"href":"https:\/\/saloninternacional.com\/index.php\/wp-json\/wp\/v2\/pages\/1454\/revisions"}],"wp:attachment":[{"href":"https:\/\/saloninternacional.com\/index.php\/wp-json\/wp\/v2\/media?parent=1454"}],"curies":[{"name":"wp","href":"https:\/\/api.w.org\/{rel}","templated":true}]}}